{"id":2981,"date":"2022-03-11T08:25:39","date_gmt":"2022-03-11T08:25:39","guid":{"rendered":"https:\/\/lauchernalp-resort.ch\/?page_id=2981"},"modified":"2022-03-28T08:09:44","modified_gmt":"2022-03-28T08:09:44","slug":"lotschental-swiss-alps","status":"publish","type":"page","link":"https:\/\/lauchernalp-resort.ch\/de\/lotschental-swiss-alps\/","title":{"rendered":"L\u00f6tschental, Schweizer Alpen"},"content":{"rendered":"[et_pb_section fb_built=\u201c1\u2033 _builder_version=\u201c4.14.4\u201c _module_preset=\u201cdefault\u201c background_color=\u201c#282828\u2033 background_enable_image=\u201coff\u201c background_enable_video_mp4=\u201coff\u201c height=\u201c120px\u201c custom_margin=\u201c-120px||||false| false\u201c global_colors_info=\u201c{}\u201c][\/et_pb_section][et_pb_section][et_pb_section fb_built=\u201c1\u2033 _builder_version=\u201c4.14.4\u201c _module_preset=\u201cdefault\u201c background_color=\u201crgba(0,0,0,0.28)\u201c background_image=\u201chttps :\/\/lauchernalp-resort.ch\/wp-content\/uploads\/2022\/03\/impressions-11.jpeg\u201c background_blend=\u201coverlay\u201c height=\u201c260px\u201c custom_margin=\u201c||||false|false\u201c custom_padding=\u201c| |||false|false\u201c global_colors_info=\u201c{}\u201c][et_pb_row _builder_version=\u201c4.14.4\u201c _module_preset=\u201cdefault\u201c width=\u201c75%\u201c max_width=\u201c100%\u201c custom_margin=\u201c0px||0px||false|false \u201ecustom_padding=\u201c0px||0px||false|false\u201c global_colors_info=\u201c{}\u201c][et_pb_column type=\u201c4_4\u2033 _builder_version=\u201c4.14.4\u201c _module_preset=\u201cdefault\u201c global_colors_info=\u201c{}\u201c][et_pb_text content_tablet =\u201d<h6><span>UNSERE GESCHICHTE, UNSER ERBE, UNSERE ZUKUNFT<\/span><\/h6>\u201econtent_phone=\u201c<h6><span>UNSERE GESCHICHTE, UNSER ERBE,<br \/>UNSERE ZUKUNFT<\/span><\/h6>\u201d content_last_edited=\u201con|phone\u201c _builder_version=\u201c4.14.4\u2033 _module_preset=\u201cdefault\u201c header_6_font=\u201cAbel|700|||||||\u201c header_6_text_color=\u201c#FFFFFF\u201c header_6_letter_spacing=\u201c2px\u201c header_6_line_height=\u201c1.2em\u201c custom_margin=\u201c||0px||false|false\u201c custom_padding=\u201c50px||20px||false|false\u201c custom_padding_tablet=\u201c50px||20px|| false|false\u201c custom_padding_phone=\u201c0px||20px||false|false\u201c custom_padding_last_edited=\u201con|phone\u201c global_colors_info=\u201c{}\u201c]<h6><span>UNSERE GESCHICHTE, UNSER ERBE, UNSERE ZUKUNFT<\/span><\/h6>[\/et_pb_text][et_pb_text _builder_version=\u201c4.14.4\u201c _module_preset=\u201cdefault\u201c header_text_color=\u201c#FFFFFF\u201c header_font_size=\u201c40px\u201c custom_padding=\u201c||0px||false|false\u201c global_colors_info=\u201c{}\u201c]<h1>L\u00f6tschental, Schweizer Alpen<\/h1>[\/et_pb_text][\/et_pb_column][\/et_pb_row][\/et_pb_section][et_pb_section fb_built=&#8221;1&#8243; custom_padding_last_edited=&#8221;on|phone&#8221; _builder_version=&#8221;4.14.4&#8243; _module_preset=&#8221;default&#8221; background_enable_color=&#8221;off&#8221; custom_margin=&#8221;||0px||false|false&#8221; custom_margin_tablet=&#8221;||0px||false|false&#8221; custom_margin_phone=&#8221;||0px||false|false&#8221; custom_margin_last_edited=&#8221;on|phone&#8221; custom_padding=&#8221;||0px||false|false&#8221; custom_padding_tablet=&#8221;||0px||false|false&#8221; custom_padding_phone=&#8221;||||false|false&#8221; global_colors_info=&#8221;{}&#8221;][et_pb_row custom_padding_last_edited=&#8221;on|phone&#8221; _builder_version=&#8221;4.14.4&#8243; _module_preset=&#8221;default&#8221; width=&#8221;75%&#8221; max_width=&#8221;100%&#8221; custom_margin=&#8221;||0px||false|false&#8221; custom_padding=&#8221;||0px||false|false&#8221; custom_padding_tablet=&#8221;||0px||false|false&#8221; custom_padding_phone=&#8221;||40px||false|false&#8221; global_colors_info=&#8221;{}&#8221;][et_pb_column type=&#8221;4_4&#8243; _builder_version=&#8221;4.14.4&#8243; _module_preset=&#8221;default&#8221; global_colors_info=&#8221;{}&#8221;][et_pb_text _builder_version=&#8221;4.14.4&#8243; _module_preset=&#8221;default&#8221; header_font=&#8221;|||on|||||&#8221; header_6_font=&#8221;Abel|700||on|||||&#8221; header_6_text_align=&#8221;center&#8221; header_6_text_color=&#8221;gcid-1f3c0d5d-f9a1-4a5c-b039-698043e71e36&#8243; header_6_font_size=&#8221;15px&#8221; header_6_letter_spacing=&#8221;1px&#8221; header_6_line_height=&#8221;1.2em&#8221; text_orientation=&#8221;center&#8221; custom_margin=&#8221;||20px||false|false&#8221; custom_padding=&#8221;||0px||false|false&#8221; global_colors_info=&#8221;{%22gcid-1f3c0d5d-f9a1-4a5c-b039-698043e71e36%22:%91%22header_6_text_color%22%93}&#8221;]<h6><span>270-GRAD-ANSICHTEN SIND ALLE unber\u00fchrte\n WELTKULTURERBE<\/span><\/h6>[\/et_pb_text][et_pb_text content_tablet=\u201c<h2><span>Einzigartig gelegen an<br \/>die Grenze der <\/span><span>UNESCO<br \/>Weltnaturerbe<\/span><\/h2>\u201econtent_phone=\u201c<h2><span>Einzigartig gelegen an der Grenze des <\/span><span>UNESCO-Weltnaturerbe<\/span><\/h2>\u201d content_last_edited=\u201con|phone\u201c _builder_version=\u201c4.14.4\u2033 _module_preset=\u201cdefault\u201c header_text_color=\u201c#FFFFFF\u201c header_2_text_align=\u201ccenter\u201c header_2_font_size=\u201c40px\u201c header_2_line_height=\u201c1.2em\u201c custom_margin=\u201c||20px||false |false\u201c custom_padding=\u201c||0px||false|false\u201c header_2_font_size_tablet=\u201c40px\u201c header_2_font_size_phone=\u201c30px\u201c header_2_font_size_last_edited=\u201con|phone\u201c global_colors_info=\u201c{}\u201c]<h2><span>Einzigartig gelegen an<br \/>die Grenze der <\/span><span>UNESCO<br \/>Weltnaturerbe<\/span><\/h2>[\/et_pb_text][\/et_pb_column][\/et_pb_row][et_pb_row make_equal=&#8221;on&#8221; _builder_version=&#8221;4.14.4&#8243; _module_preset=&#8221;default&#8221; background_enable_color=&#8221;off&#8221; background_video_mp4=&#8221;https:\/\/lauchernalp-resort.ch\/wp-content\/uploads\/2022\/03\/20210924_191601.mp4&#8243; width=&#8221;75%&#8221; width_tablet=&#8221;75%&#8221; width_phone=&#8221;100%&#8221; width_last_edited=&#8221;on|phone&#8221; max_width=&#8221;100%&#8221; height=&#8221;600px&#8221; height_tablet=&#8221;600px&#8221; height_phone=&#8221;400px&#8221; height_last_edited=&#8221;on|phone&#8221; custom_margin=&#8221;||||false|false&#8221; custom_css_before=&#8221;content:%22%22;||    display: block;||    position: absolute;||    top: 0;||    left: 0;||    width: 100%;||    height: 100%;||    background-color: rgba(0,0,0,0.3);||    z-index: 1;&#8221; global_colors_info=&#8221;{}&#8221;][et_pb_column type=&#8221;4_4&#8243; _builder_version=&#8221;4.14.4&#8243; _module_preset=&#8221;default&#8221; global_colors_info=&#8221;{}&#8221;][et_pb_text _builder_version=&#8221;4.14.4&#8243; _module_preset=&#8221;default&#8221; header_font=&#8221;|||on|||||&#8221; header_6_font=&#8221;Abel|700||on|||||&#8221; header_6_text_color=&#8221;#FFFFFF&#8221; header_6_letter_spacing=&#8221;2px&#8221; text_orientation=&#8221;center&#8221; custom_margin=&#8221;230px||20px||false|false&#8221; custom_margin_tablet=&#8221;230px||20px||false|false&#8221; custom_margin_phone=&#8221;100px||20px||false|false&#8221; custom_margin_last_edited=&#8221;on|phone&#8221; custom_padding=&#8221;||0px||false|false&#8221; global_colors_info=&#8221;{}&#8221;]<h6>Lauchernalp, L\u00d6TSCHENTAL<\/h6>[\/et_pb_text][et_pb_text _builder_version=\u201c4.14.4\u201c _module_preset=\u201cdefault\u201c text_text_color=\u201c#000000\u201c header_2_text_align=\u201ccenter\u201c header_2_text_color=\u201c#FFFFFF\u201c header_2_font_size=\u201c40px\u201c custom_margin=\u201c|||0px|fals e|falsch\u201c custom_padding=\u201c||0px||false|false\u201c custom_padding_tablet=\u201c||0px||false|false\u201c custom_padding_phone=\u201c||100px||false|false\u201c custom_padding_last_edited=\u201con|phone\u201c global_colors_info=\u201c{}\u201c]<h2>270<span>Unber\u00fchrte-Ansichten<\/span><\/h2>[\/et_pb_text][\/et_pb_column][\/et_pb_row][et_pb_row _builder_version=\u201c4.14.4\u201c _module_preset=\u201cdefault\u201c width=\u201c75%\u201c width_tablet=\u201c75%\u201c width_phone=\u201c80%\u201c width_last_edited=\u201con|phone\u201c max_width= \u201e100%\u201c custom_margin=\u201c||0px||false|false\u201c custom_padding=\u201c50px||50px||true|false\u201c global_colors_info=\u201c{}\u201c][et_pb_column type=\u201c4_4\u2033 _builder_version=\u201c4.14.4\u2033 _module_preset =\u201cdefault\u201c global_colors_info=\u201c{}\u201c][et_pb_text _builder_version=\u201c4.14.4\u2033 _module_preset=\u201cdefault\u201c text_orientation=\u201ccenter\u201c width=\u201c75%\u201c width_tablet=\u201c75%\u201c width_phone=\u201c100%\u201c width_last_edited=\u201con| phone\u201c module_alignment=\u201ccenter\u201c custom_margin=\u201c0px||0px||false|false\u201c custom_padding=\u201c0px||20px||false|false\u201c hover_enabled=\u201c0\u2033 border_color_all=\u201crgba(0,0,0,0.18 )\u201c global_colors_info=\u201c{}\u201c text_font_size=\u201c15px\u201c sticky_enabled=\u201c0\u2033]<p><span>Beeindruckende Bergkulisse zwischen den Walliser Alpen und den Berner Alpen. Das urw\u00fcchsige Tal mit intakten D\u00f6rfern l\u00e4dt zu einem naturnahen Urlaub abseits der grossen Touristenzentren ein. Ausgangspunkt f\u00fcr unz\u00e4hlige Bergtouren. Alte Br\u00e4uche, Geschichten, Sagen und Mythen haben sich hier erhalten.<\/span><\/p>[\/et_pb_text][et_pb_text _builder_version=\u201c4.14.4\u201c _module_preset=\u201cdefault\u201c text_orientation=\u201ccenter\u201c width=\u201c75%\u201c width_tablet=\u201c75%\u201c width_phone=\u201c100%\u201c width_last_edited=\u201con|phone\u201c module_alignment=\u201ccenter\u201c custom_margin=\u201c0px||0px||false|false\u201c custom_padding=\u201c0px||20px||false|false\u201c hover_enabled=\u201c0\u2033 border_color_all=\u201crgba(0,0,0,0.18)\u201c global_colors_info=\u201c{} \u201d text_font_size=\u201c15px\u201c]<p>In unmittelbarer N\u00e4he von Bern, Z\u00fcrich, Mailand, London und M\u00fcnchen. Das L\u00f6tschental ist das gr\u00f6sste Tal auf der Nordseite des Rhonetals im Kanton Wallis. Es liegt in den Berner Alpen, wobei der Fluss Lonza von seiner Quelle im Langgletscher das Tal entlang fliesst.<\/p>[\/et_pb_text][et_pb_text _builder_version=\u201c4.14.4\u201c _module_preset=\u201cdefault\u201c text_orientation=\u201ccenter\u201c width=\u201c75%\u201c width_tablet=\u201c75%\u201c width_phone=\u201c100%\u201c width_last_edited=\u201con|phone\u201c module_alignment=\u201ccenter\u201c custom_margin=\u201c0px||0px||false|false\u201c custom_padding=\u201c0px||20px||false|false\u201c hover_enabled=\u201c0\u2033 border_color_all=\u201crgba(0,0,0,0.18)\u201c global_colors_info=\u201c{} \u201d text_font_size=\u201c15px\u201c]<p>Imposante Gipfel scheinen die D\u00f6rfer mit ihren L\u00e4rchenbewachsenen Ausl\u00e4ufern zu umarmen. Rauschende B\u00e4che und ruhige Seen f\u00fcgen ihre eigene Note hinzu. Durch die hervorragende Verkehrsanbindung ist das L\u00f6tschental das ganze Jahr \u00fcber gut erreichbar.<\/p>[\/et_pb_text][\/et_pb_column][\/et_pb_row][\/et_pb_section]","protected":false},"excerpt":{"rendered":"<p>UNSERE GESCHICHTE, UNSER ERBE, UNSERE ZUKUNFT L\u00f6tschental, Schweizer Alpen 270-Grad-Aussichten sind allesamt unber\u00fchrte Welterbest\u00e4tten. Einzigartig gelegen an der Grenze des UNESCO-Weltnaturerbes Lauchernalp, L\u00d6TSCHENTAL. 270-Grad-Unber\u00fchrte Aussichten. Beeindruckende Bergkulisse zwischen den Walliser Alpen und den Berner Alpen. Das unber\u00fchrte Tal mit intakten D\u00f6rfern l\u00e4dt zu einem naturnahen Urlaub abseits der gro\u00dfen Touristenstr\u00f6me ein.<\/p>","protected":false},"author":1,"featured_media":2991,"parent":0,"menu_order":0,"comment_status":"closed","ping_status":"closed","template":"","meta":{"_et_pb_use_builder":"on","_et_pb_old_content":"","_et_gb_content_width":"","footnotes":""},"class_list":["post-2981","page","type-page","status-publish","has-post-thumbnail","hentry"],"yoast_head":"<!-- This site is optimized with the Yoast SEO Premium plugin v20.7 (Yoast SEO v26.6) - https:\/\/yoast.com\/wordpress\/plugins\/seo\/ -->\n<title>L\u00f6tschental,\u00a0Swiss Alps | Lauchernalp<\/title>\n<meta name=\"description\" content=\"L\u00f6tschental is tucked away in the unspoilt valley with intact villages invites you to a nature-orientated holiday away from the major tourist centres.\" \/>\n<meta name=\"robots\" content=\"index, follow, max-snippet:-1, max-image-preview:large, max-video-preview:-1\" \/>\n<link rel=\"canonical\" href=\"https:\/\/lauchernalp-resort.ch\/de\/lotschental-swiss-alps\/\" \/>\n<meta property=\"og:locale\" content=\"de_DE\" \/>\n<meta property=\"og:type\" content=\"article\" \/>\n<meta property=\"og:title\" content=\"L\u00f6tschental,\u00a0Swiss Alps\" \/>\n<meta property=\"og:description\" content=\"L\u00f6tschental is tucked away in the unspoilt valley with intact villages invites you to a nature-orientated holiday away from the major tourist centres.\" \/>\n<meta property=\"og:url\" content=\"https:\/\/lauchernalp-resort.ch\/de\/lotschental-swiss-alps\/\" \/>\n<meta property=\"og:site_name\" content=\"Lauchernalp\" \/>\n<meta property=\"article:publisher\" content=\"https:\/\/www.facebook.com\/Lauchernalpresort\" \/>\n<meta property=\"article:modified_time\" content=\"2022-03-28T08:09:44+00:00\" \/>\n<meta property=\"og:image\" content=\"https:\/\/lauchernalp-resort.ch\/wp-content\/uploads\/2022\/03\/impressions-11.jpeg\" \/>\n\t<meta property=\"og:image:width\" content=\"1296\" \/>\n\t<meta property=\"og:image:height\" content=\"770\" \/>\n\t<meta property=\"og:image:type\" content=\"image\/jpeg\" \/>\n<meta name=\"twitter:card\" content=\"summary_large_image\" \/>\n<meta name=\"twitter:label1\" content=\"Gesch\u00e4tzte Lesezeit\" \/>\n\t<meta name=\"twitter:data1\" content=\"6\u00a0Minuten\" \/>\n<script type=\"application\/ld+json\" class=\"yoast-schema-graph\">{\"@context\":\"https:\/\/schema.org\",\"@graph\":[{\"@type\":\"WebPage\",\"@id\":\"https:\/\/lauchernalp-resort.ch\/lotschental-swiss-alps\/\",\"url\":\"https:\/\/lauchernalp-resort.ch\/lotschental-swiss-alps\/\",\"name\":\"L\u00f6tschental,\u00a0Swiss Alps | Lauchernalp\",\"isPartOf\":{\"@id\":\"https:\/\/lauchernalp-resort.ch\/#website\"},\"primaryImageOfPage\":{\"@id\":\"https:\/\/lauchernalp-resort.ch\/lotschental-swiss-alps\/#primaryimage\"},\"image\":{\"@id\":\"https:\/\/lauchernalp-resort.ch\/lotschental-swiss-alps\/#primaryimage\"},\"thumbnailUrl\":\"https:\/\/lauchernalp-resort.ch\/wp-content\/uploads\/2022\/03\/impressions-11.jpeg\",\"datePublished\":\"2022-03-11T08:25:39+00:00\",\"dateModified\":\"2022-03-28T08:09:44+00:00\",\"description\":\"L\u00f6tschental is tucked away in the unspoilt valley with intact villages invites you to a nature-orientated holiday away from the major tourist centres.\",\"breadcrumb\":{\"@id\":\"https:\/\/lauchernalp-resort.ch\/lotschental-swiss-alps\/#breadcrumb\"},\"inLanguage\":\"de\",\"potentialAction\":[{\"@type\":\"ReadAction\",\"target\":[\"https:\/\/lauchernalp-resort.ch\/lotschental-swiss-alps\/\"]}]},{\"@type\":\"ImageObject\",\"inLanguage\":\"de\",\"@id\":\"https:\/\/lauchernalp-resort.ch\/lotschental-swiss-alps\/#primaryimage\",\"url\":\"https:\/\/lauchernalp-resort.ch\/wp-content\/uploads\/2022\/03\/impressions-11.jpeg\",\"contentUrl\":\"https:\/\/lauchernalp-resort.ch\/wp-content\/uploads\/2022\/03\/impressions-11.jpeg\",\"width\":1296,\"height\":770},{\"@type\":\"BreadcrumbList\",\"@id\":\"https:\/\/lauchernalp-resort.ch\/lotschental-swiss-alps\/#breadcrumb\",\"itemListElement\":[{\"@type\":\"ListItem\",\"position\":1,\"name\":\"Home\",\"item\":\"https:\/\/lauchernalp-resort.ch\/\"},{\"@type\":\"ListItem\",\"position\":2,\"name\":\"L\u00f6tschental,\u00a0Swiss Alps\"}]},{\"@type\":\"WebSite\",\"@id\":\"https:\/\/lauchernalp-resort.ch\/#website\",\"url\":\"https:\/\/lauchernalp-resort.ch\/\",\"name\":\"Lauchernalp\",\"description\":\"Swiss Resort Residences\",\"publisher\":{\"@id\":\"https:\/\/lauchernalp-resort.ch\/#organization\"},\"potentialAction\":[{\"@type\":\"SearchAction\",\"target\":{\"@type\":\"EntryPoint\",\"urlTemplate\":\"https:\/\/lauchernalp-resort.ch\/?s={search_term_string}\"},\"query-input\":{\"@type\":\"PropertyValueSpecification\",\"valueRequired\":true,\"valueName\":\"search_term_string\"}}],\"inLanguage\":\"de\"},{\"@type\":\"Organization\",\"@id\":\"https:\/\/lauchernalp-resort.ch\/#organization\",\"name\":\"Lauchernalp Resort\",\"url\":\"https:\/\/lauchernalp-resort.ch\/\",\"logo\":{\"@type\":\"ImageObject\",\"inLanguage\":\"de\",\"@id\":\"https:\/\/lauchernalp-resort.ch\/#\/schema\/logo\/image\/\",\"url\":\"https:\/\/lauchernalp-resort.ch\/wp-content\/uploads\/2022\/01\/logo_02-2-copy.png\",\"contentUrl\":\"https:\/\/lauchernalp-resort.ch\/wp-content\/uploads\/2022\/01\/logo_02-2-copy.png\",\"width\":163,\"height\":170,\"caption\":\"Lauchernalp Resort\"},\"image\":{\"@id\":\"https:\/\/lauchernalp-resort.ch\/#\/schema\/logo\/image\/\"},\"sameAs\":[\"https:\/\/www.facebook.com\/Lauchernalpresort\"]}]}<\/script>\n<!-- \/ Yoast SEO Premium plugin. -->","yoast_head_json":{"title":"L\u00f6tschental, Schweizer Alpen | Lauchernalp","description":"Das L\u00f6tschental, eingebettet in ein unber\u00fchrtes Tal mit intakten D\u00f6rfern, l\u00e4dt zu einem naturnahen Urlaub abseits der gro\u00dfen Touristenzentren ein.","robots":{"index":"index","follow":"follow","max-snippet":"max-snippet:-1","max-image-preview":"max-image-preview:large","max-video-preview":"max-video-preview:-1"},"canonical":"https:\/\/lauchernalp-resort.ch\/de\/lotschental-swiss-alps\/","og_locale":"de_DE","og_type":"article","og_title":"L\u00f6tschental,\u00a0Swiss Alps","og_description":"L\u00f6tschental is tucked away in the unspoilt valley with intact villages invites you to a nature-orientated holiday away from the major tourist centres.","og_url":"https:\/\/lauchernalp-resort.ch\/de\/lotschental-swiss-alps\/","og_site_name":"Lauchernalp","article_publisher":"https:\/\/www.facebook.com\/Lauchernalpresort","article_modified_time":"2022-03-28T08:09:44+00:00","og_image":[{"width":1296,"height":770,"url":"https:\/\/lauchernalp-resort.ch\/wp-content\/uploads\/2022\/03\/impressions-11.jpeg","type":"image\/jpeg"}],"twitter_card":"summary_large_image","twitter_misc":{"Gesch\u00e4tzte Lesezeit":"6\u00a0Minuten"},"schema":{"@context":"https:\/\/schema.org","@graph":[{"@type":"WebPage","@id":"https:\/\/lauchernalp-resort.ch\/lotschental-swiss-alps\/","url":"https:\/\/lauchernalp-resort.ch\/lotschental-swiss-alps\/","name":"L\u00f6tschental, Schweizer Alpen | Lauchernalp","isPartOf":{"@id":"https:\/\/lauchernalp-resort.ch\/#website"},"primaryImageOfPage":{"@id":"https:\/\/lauchernalp-resort.ch\/lotschental-swiss-alps\/#primaryimage"},"image":{"@id":"https:\/\/lauchernalp-resort.ch\/lotschental-swiss-alps\/#primaryimage"},"thumbnailUrl":"https:\/\/lauchernalp-resort.ch\/wp-content\/uploads\/2022\/03\/impressions-11.jpeg","datePublished":"2022-03-11T08:25:39+00:00","dateModified":"2022-03-28T08:09:44+00:00","description":"Das L\u00f6tschental, eingebettet in ein unber\u00fchrtes Tal mit intakten D\u00f6rfern, l\u00e4dt zu einem naturnahen Urlaub abseits der gro\u00dfen Touristenzentren ein.","breadcrumb":{"@id":"https:\/\/lauchernalp-resort.ch\/lotschental-swiss-alps\/#breadcrumb"},"inLanguage":"de","potentialAction":[{"@type":"ReadAction","target":["https:\/\/lauchernalp-resort.ch\/lotschental-swiss-alps\/"]}]},{"@type":"ImageObject","inLanguage":"de","@id":"https:\/\/lauchernalp-resort.ch\/lotschental-swiss-alps\/#primaryimage","url":"https:\/\/lauchernalp-resort.ch\/wp-content\/uploads\/2022\/03\/impressions-11.jpeg","contentUrl":"https:\/\/lauchernalp-resort.ch\/wp-content\/uploads\/2022\/03\/impressions-11.jpeg","width":1296,"height":770},{"@type":"BreadcrumbList","@id":"https:\/\/lauchernalp-resort.ch\/lotschental-swiss-alps\/#breadcrumb","itemListElement":[{"@type":"ListItem","position":1,"name":"Home","item":"https:\/\/lauchernalp-resort.ch\/"},{"@type":"ListItem","position":2,"name":"L\u00f6tschental,\u00a0Swiss Alps"}]},{"@type":"WebSite","@id":"https:\/\/lauchernalp-resort.ch\/#website","url":"https:\/\/lauchernalp-resort.ch\/","name":"Lauchernalp","description":"Swiss Resort Residences","publisher":{"@id":"https:\/\/lauchernalp-resort.ch\/#organization"},"potentialAction":[{"@type":"SearchAction","target":{"@type":"EntryPoint","urlTemplate":"https:\/\/lauchernalp-resort.ch\/?s={search_term_string}"},"query-input":{"@type":"PropertyValueSpecification","valueRequired":true,"valueName":"search_term_string"}}],"inLanguage":"de"},{"@type":"Organization","@id":"https:\/\/lauchernalp-resort.ch\/#organization","name":"Lauchernalp Resort","url":"https:\/\/lauchernalp-resort.ch\/","logo":{"@type":"ImageObject","inLanguage":"de","@id":"https:\/\/lauchernalp-resort.ch\/#\/schema\/logo\/image\/","url":"https:\/\/lauchernalp-resort.ch\/wp-content\/uploads\/2022\/01\/logo_02-2-copy.png","contentUrl":"https:\/\/lauchernalp-resort.ch\/wp-content\/uploads\/2022\/01\/logo_02-2-copy.png","width":163,"height":170,"caption":"Lauchernalp Resort"},"image":{"@id":"https:\/\/lauchernalp-resort.ch\/#\/schema\/logo\/image\/"},"sameAs":["https:\/\/www.facebook.com\/Lauchernalpresort"]}]}},"_links":{"self":[{"href":"https:\/\/lauchernalp-resort.ch\/de\/wp-json\/wp\/v2\/pages\/2981","targetHints":{"allow":["GET"]}}],"collection":[{"href":"https:\/\/lauchernalp-resort.ch\/de\/wp-json\/wp\/v2\/pages"}],"about":[{"href":"https:\/\/lauchernalp-resort.ch\/de\/wp-json\/wp\/v2\/types\/page"}],"author":[{"embeddable":true,"href":"https:\/\/lauchernalp-resort.ch\/de\/wp-json\/wp\/v2\/users\/1"}],"replies":[{"embeddable":true,"href":"https:\/\/lauchernalp-resort.ch\/de\/wp-json\/wp\/v2\/comments?post=2981"}],"version-history":[{"count":24,"href":"https:\/\/lauchernalp-resort.ch\/de\/wp-json\/wp\/v2\/pages\/2981\/revisions"}],"predecessor-version":[{"id":3716,"href":"https:\/\/lauchernalp-resort.ch\/de\/wp-json\/wp\/v2\/pages\/2981\/revisions\/3716"}],"wp:featuredmedia":[{"embeddable":true,"href":"https:\/\/lauchernalp-resort.ch\/de\/wp-json\/wp\/v2\/media\/2991"}],"wp:attachment":[{"href":"https:\/\/lauchernalp-resort.ch\/de\/wp-json\/wp\/v2\/media?parent=2981"}],"curies":[{"name":"wp","href":"https:\/\/api.w.org\/{rel}","templated":true}]}}